{"id":724,"date":"2023-11-17T19:52:40","date_gmt":"2023-11-17T18:52:40","guid":{"rendered":"https:\/\/larssairsports.de\/?page_id=724"},"modified":"2024-07-24T08:52:29","modified_gmt":"2024-07-24T06:52:29","slug":"impressum","status":"publish","type":"page","link":"https:\/\/ichberatesie.com\/?page_id=724","title":{"rendered":"Impressum"},"content":{"rendered":"\n<figure class=\"wp-block-image size-large is-resized\"><img fetchpriority=\"high\" decoding=\"async\" width=\"768\" height=\"1024\" src=\"https:\/\/ichberatesie.com\/wp-content\/uploads\/2023\/11\/TPFD4362-768x1024.jpg\" alt=\"\" class=\"wp-image-768\" style=\"width:451px;height:auto\" srcset=\"https:\/\/ichberatesie.com\/wp-content\/uploads\/2023\/11\/TPFD4362-768x1024.jpg 768w, https:\/\/ichberatesie.com\/wp-content\/uploads\/2023\/11\/TPFD4362-225x300.jpg 225w, https:\/\/ichberatesie.com\/wp-content\/uploads\/2023\/11\/TPFD4362-1152x1536.jpg 1152w, https:\/\/ichberatesie.com\/wp-content\/uploads\/2023\/11\/TPFD4362.jpg 1200w\" sizes=\"(max-width: 706px) 89vw, (max-width: 767px) 82vw, 740px\" \/><\/figure>\n\n\n\n<p>Dipl.-Kfm. Lars Siegmann HK\/Hamburg<br>Urtlm\u00fchlweg 2<br>83661 Lenggries<br>Telefon: +49 (0)8042 972 80 16<br>Mobil:+49 (0)162 911 37 33<br>E-Mail:  info@ichberatesie.com<br>Inhaber: Lars Siegmann<br>Steuernummer: 104\/274\/40813 FA Bad T\u00f6lz Wolfratshausen<\/p>\n\n\n\n<p>Ust.-ID: DE 1281 785 0 FA Bad T\u00f6lz Wolfratshausen<\/p>\n\n\n\n<p>Gerichtsstand Wolfratshausen<\/p>\n\n\n\n<p>Zulassung IHK M\u00fcnchen\/Obb.:   D-QVA3-HA09P-86<\/p>\n\n\n\n<p>Lars Siegmann ist t\u00e4tig unter seiner  Gewerbeerlaubnis nach \u00a7 34h GewO als Honorar\/ Finanzanlageberater, erteilt von der IHK M\u00fcnchen am 01.08.2023. Umfang der Erlaubnis: \u00a7 34h Absatz 1 S. 1 GewO. <\/p>\n\n\n\n<p>Finanzanlagenvermittler(FAV)-Register<br>DIHK Deutscher Industrie- und Handelskammertag e.V.<br>Breite Stra\u00dfe 29<br>10178 Berlin<br>Telefon (0 180) 50 05 85 0 <br>www.vermittlerregister.info<\/p>\n\n\n\n<p>Die zust\u00e4ndige Beh\u00f6rde f\u00fcr die Erlaubniserteilung ist die<\/p>\n\n\n\n<p>IHK M\u00fcnchen\/Oberbayern<br>Max Joseph Platz 2<br>80333 M\u00fcnchen<br>Telefon (089) 5116 &#8211; 0<br>www.ihk-muenchen.de<\/p>\n\n\n\n<p>Die verpflichtende Berufshaftpflichtversicherung ist eingedeckt \u00fcber die R+V Versicherung, Raiffeisenplatz 1, 65189 Wiesbaden<\/p>\n\n\n\n<h2 class=\"wp-block-heading has-medium-font-size\">Datenschutzerkl\u00e4rung<\/h2>\n\n\n\n<p>Soweit nachstehend keine anderen Angaben gemacht werden, ist die Bereitstellung Ihrer personenbezogenen Daten weder gesetzlich oder vertraglich vorgeschrieben, noch f\u00fcr einen Vertragsabschluss erforderlich. Sie sind zur Bereitstellung der Daten nicht verpflichtet. Eine Nichtbereitstellung hat keine Folgen. Dies gilt nur soweit bei den nachfolgenden Verarbeitungsvorg\u00e4ngen keine anderweitige Angabe gemacht wird.<\/p>\n\n\n\n<p>&#8222;Personenbezogene Daten&#8220; sind alle Informationen, die sich auf eine identifizierte oder identifizierbare nat\u00fcrliche Person beziehen.<\/p>\n\n\n\n<h2 class=\"wp-block-heading has-medium-font-size\">Datenschutzrechtliche Verantwortlichkeit \/ Datenschutzbeauftragte<\/h2>\n\n\n\n<p>Verantwortlicher f\u00fcr die Verarbeitung Ihrer personenbezogenen Daten, die durch den Besuch der Website erfolgt und, soweit keine anderen Angaben gemacht werden, in den nachfolgenden Verarbeitungsvorg\u00e4ngen beschrieben wird, ist<br><br>Dipl.-Kfm. Lars Siegmann HK\/Hamburg<br>Urtlm\u00fchlweg 2<br>83661 Lenggries<br>Telefon: +49 (0)8042 972 80 16<br>E-Mail:   info@ichberatesie.com<br>Inhaber: Lars Siegmann<\/p>\n\n\n\n<p><\/p>\n","protected":false},"excerpt":{"rendered":"<p>Dipl.-Kfm. Lars Siegmann HK\/HamburgUrtlm\u00fchlweg 283661 LenggriesTelefon: +49 (0)8042 972 80 16Mobil:+49 (0)162 911 37 33E-Mail: info@ichberatesie.comInhaber: Lars SiegmannSteuernummer: 104\/274\/40813 FA Bad T\u00f6lz Wolfratshausen Ust.-ID: DE 1281 785 0 FA Bad T\u00f6lz Wolfratshausen Gerichtsstand Wolfratshausen Zulassung IHK M\u00fcnchen\/Obb.: D-QVA3-HA09P-86 Lars Siegmann ist t\u00e4tig unter seiner Gewerbeerlaubnis nach \u00a7 34h GewO als Honorar\/ Finanzanlageberater, erteilt von der &hellip; <\/p>\n<p class=\"link-more\"><a href=\"https:\/\/ichberatesie.com\/?page_id=724\" class=\"more-link\"><span class=\"screen-reader-text\">\u201eImpressum\u201c<\/span> weiterlesen<\/a><\/p>\n","protected":false},"author":1,"featured_media":0,"parent":0,"menu_order":0,"comment_status":"closed","ping_status":"closed","template":"","meta":{"footnotes":""},"class_list":["post-724","page","type-page","status-publish","hentry"],"_links":{"self":[{"href":"https:\/\/ichberatesie.com\/index.php?rest_route=\/wp\/v2\/pages\/724"}],"collection":[{"href":"https:\/\/ichberatesie.com\/index.php?rest_route=\/wp\/v2\/pages"}],"about":[{"href":"https:\/\/ichberatesie.com\/index.php?rest_route=\/wp\/v2\/types\/page"}],"author":[{"embeddable":true,"href":"https:\/\/ichberatesie.com\/index.php?rest_route=\/wp\/v2\/users\/1"}],"replies":[{"embeddable":true,"href":"https:\/\/ichberatesie.com\/index.php?rest_route=%2Fwp%2Fv2%2Fcomments&post=724"}],"version-history":[{"count":23,"href":"https:\/\/ichberatesie.com\/index.php?rest_route=\/wp\/v2\/pages\/724\/revisions"}],"predecessor-version":[{"id":965,"href":"https:\/\/ichberatesie.com\/index.php?rest_route=\/wp\/v2\/pages\/724\/revisions\/965"}],"wp:attachment":[{"href":"https:\/\/ichberatesie.com\/index.php?rest_route=%2Fwp%2Fv2%2Fmedia&parent=724"}],"curies":[{"name":"wp","href":"https:\/\/api.w.org\/{rel}","templated":true}]}}