{"id":711,"date":"2023-11-17T20:08:32","date_gmt":"2023-11-17T19:08:32","guid":{"rendered":"https:\/\/larssairsports.de\/?page_id=711"},"modified":"2023-11-19T07:45:26","modified_gmt":"2023-11-19T06:45:26","slug":"philosophie","status":"publish","type":"page","link":"https:\/\/ichberatesie.com\/?page_id=711","title":{"rendered":"Philosophie"},"content":{"rendered":"\n<figure class=\"wp-block-image size-large is-resized\"><img fetchpriority=\"high\" decoding=\"async\" width=\"768\" height=\"1024\" src=\"https:\/\/ichberatesie.com\/wp-content\/uploads\/2023\/11\/IMG_5618-768x1024.jpg\" alt=\"\" class=\"wp-image-766\" style=\"width:488px;height:auto\" srcset=\"https:\/\/ichberatesie.com\/wp-content\/uploads\/2023\/11\/IMG_5618-768x1024.jpg 768w, https:\/\/ichberatesie.com\/wp-content\/uploads\/2023\/11\/IMG_5618-225x300.jpg 225w, https:\/\/ichberatesie.com\/wp-content\/uploads\/2023\/11\/IMG_5618-1152x1536.jpg 1152w, https:\/\/ichberatesie.com\/wp-content\/uploads\/2023\/11\/IMG_5618-1536x2048.jpg 1536w, https:\/\/ichberatesie.com\/wp-content\/uploads\/2023\/11\/IMG_5618-scaled.jpg 1920w\" sizes=\"(max-width: 706px) 89vw, (max-width: 767px) 82vw, 740px\" \/><\/figure>\n\n\n\n<p class=\"has-text-align-left\" style=\"letter-spacing:1px\">Mir ist es eine Pflicht Ihnen  mit meiner Beratung das zu erm\u00f6glichen was Sie sich w\u00fcnschen.<\/p>\n\n\n\n<p class=\"has-text-align-left\" style=\"letter-spacing:1px\"><br>In der heutigen Zeit  insbesondere mit Internet,  gewerblichen Beratungsplatt- formen,f\u00e4llt es sogar mir oftmals schwer, bei allen Angeboten den \u00dcberblick zu behalten und diese auch noch zu verstehen.<\/p>\n\n\n\n<p class=\"has-text-align-left\" style=\"letter-spacing:1px\"><br>Diesen \u00dcberblick  werde ich Ihnen  nach meiner mir eigenen Beratungsformel: &#8222;Ihren W\u00fcnschen!&#8220; verschaffen. Und damit sich wirklich Jeder meine Beratung erlauben  kann treibe  ich keinen unn\u00f6tigen Aufwand, berate zielgerichtet, und liefere Ihnen Ihr individuelles Ergebnis. Garantiert !<\/p>\n\n\n\n<p><\/p>\n\n\n\n<p class=\"has-text-align-left\" style=\"letter-spacing:1px\">Jede Honorarvereinbarung wird mit Ihnen individuell vereinbart.<br>Dieses einfach, verst\u00e4ndlich, fundiert; bereit f\u00fcr Ihre Entscheidungen.<\/p>\n\n\n\n<p><\/p>\n\n\n\n<p class=\"has-text-align-center\"><strong>Erst schauen was man machen kann<\/strong><\/p>\n\n\n\n<p class=\"has-text-align-center\"><strong>dann machen was man anschauen kann<\/strong><\/p>\n","protected":false},"excerpt":{"rendered":"<p>Mir ist es eine Pflicht Ihnen mit meiner Beratung das zu erm\u00f6glichen was Sie sich w\u00fcnschen. In der heutigen Zeit insbesondere mit Internet, gewerblichen Beratungsplatt- formen,f\u00e4llt es sogar mir oftmals schwer, bei allen Angeboten den \u00dcberblick zu behalten und diese auch noch zu verstehen. Diesen \u00dcberblick werde ich Ihnen nach meiner mir eigenen Beratungsformel: &#8222;Ihren &hellip; <\/p>\n<p class=\"link-more\"><a href=\"https:\/\/ichberatesie.com\/?page_id=711\" class=\"more-link\"><span class=\"screen-reader-text\">\u201ePhilosophie\u201c<\/span> weiterlesen<\/a><\/p>\n","protected":false},"author":1,"featured_media":0,"parent":0,"menu_order":0,"comment_status":"closed","ping_status":"closed","template":"","meta":{"footnotes":""},"class_list":["post-711","page","type-page","status-publish","hentry"],"_links":{"self":[{"href":"https:\/\/ichberatesie.com\/index.php?rest_route=\/wp\/v2\/pages\/711"}],"collection":[{"href":"https:\/\/ichberatesie.com\/index.php?rest_route=\/wp\/v2\/pages"}],"about":[{"href":"https:\/\/ichberatesie.com\/index.php?rest_route=\/wp\/v2\/types\/page"}],"author":[{"embeddable":true,"href":"https:\/\/ichberatesie.com\/index.php?rest_route=\/wp\/v2\/users\/1"}],"replies":[{"embeddable":true,"href":"https:\/\/ichberatesie.com\/index.php?rest_route=%2Fwp%2Fv2%2Fcomments&post=711"}],"version-history":[{"count":14,"href":"https:\/\/ichberatesie.com\/index.php?rest_route=\/wp\/v2\/pages\/711\/revisions"}],"predecessor-version":[{"id":853,"href":"https:\/\/ichberatesie.com\/index.php?rest_route=\/wp\/v2\/pages\/711\/revisions\/853"}],"wp:attachment":[{"href":"https:\/\/ichberatesie.com\/index.php?rest_route=%2Fwp%2Fv2%2Fmedia&parent=711"}],"curies":[{"name":"wp","href":"https:\/\/api.w.org\/{rel}","templated":true}]}}