{"id":707,"date":"2023-11-17T20:08:57","date_gmt":"2023-11-17T19:08:57","guid":{"rendered":"https:\/\/larssairsports.de\/?page_id=707"},"modified":"2024-07-24T08:52:50","modified_gmt":"2024-07-24T06:52:50","slug":"707-2","status":"publish","type":"page","link":"https:\/\/ichberatesie.com\/?page_id=707","title":{"rendered":"\u00dcber mich"},"content":{"rendered":"\n<figure class=\"wp-block-image size-large is-resized\"><img fetchpriority=\"high\" decoding=\"async\" width=\"1024\" height=\"768\" src=\"https:\/\/ichberatesie.com\/wp-content\/uploads\/2023\/11\/IMG_5460-1024x768.jpg\" alt=\"\" class=\"wp-image-764\" style=\"width:714px;height:auto\" srcset=\"https:\/\/ichberatesie.com\/wp-content\/uploads\/2023\/11\/IMG_5460-1024x768.jpg 1024w, https:\/\/ichberatesie.com\/wp-content\/uploads\/2023\/11\/IMG_5460-300x225.jpg 300w, https:\/\/ichberatesie.com\/wp-content\/uploads\/2023\/11\/IMG_5460-768x576.jpg 768w, https:\/\/ichberatesie.com\/wp-content\/uploads\/2023\/11\/IMG_5460-1536x1152.jpg 1536w, https:\/\/ichberatesie.com\/wp-content\/uploads\/2023\/11\/IMG_5460-2048x1536.jpg 2048w\" sizes=\"(max-width: 706px) 89vw, (max-width: 767px) 82vw, 740px\" \/><\/figure>\n\n\n\n<p><\/p>\n\n\n\n<p class=\"has-text-align-left\">Ich war  \u00fcber 40  Jahre selbstst\u00e4ndig im  Vertrieb  t\u00e4tig.  Davon die letzten 28  Jahre  in der Versicherungsbranche. Seit  1993 bin ich  Dipl.Kaufmann der HK Hamburg.<\/p>\n\n\n\n<p>Ich   habe  Unternehmen,  Privatleute  und  Vereine  nachhaltig   beraten  und  betreut. Das Sch\u00f6nste an meiner T\u00e4tigkeit,  war  jedoch, das W\u00e4hlen der entsprechenden  Instrumente, um auch langfristig f\u00fcr den Kunden Erfolge zu erzielen;Wohlgef\u00fchl,Sicherheit sind  hierbei f\u00fcr mich sehr wichtige Zutaten.<\/p>\n\n\n\n<p>Ich erarbeite mit Ihnen die Grundlagen f\u00fcr  Ihre pers\u00f6nlichen W\u00fcnsche und Ziele, um Ihnen einen langfristigen Erfolg, Sicherheit und Zufriedenheit zu verschaffen. Somit verwirklichen wir gemeinsam das, was Sie erreichen wollen.<\/p>\n\n\n\n<p>Ein wichtiges Anliegen ist es mir ebenfalls , Ihnen eine Dienstleistung anzubieten, die auch wirklich jeder in Anspruch nehmen kann. Deshalb biete ich nur Honorarvereinbarungen an!<\/p>\n\n\n\n\n\n<p><\/p>\n","protected":false},"excerpt":{"rendered":"<p>Ich war \u00fcber 40 Jahre selbstst\u00e4ndig im Vertrieb t\u00e4tig. Davon die letzten 28 Jahre in der Versicherungsbranche. Seit 1993 bin ich Dipl.Kaufmann der HK Hamburg. Ich habe Unternehmen, Privatleute und Vereine nachhaltig beraten und betreut. Das Sch\u00f6nste an meiner T\u00e4tigkeit, war jedoch, das W\u00e4hlen der entsprechenden Instrumente, um auch langfristig f\u00fcr den Kunden Erfolge zu &hellip; <\/p>\n<p class=\"link-more\"><a href=\"https:\/\/ichberatesie.com\/?page_id=707\" class=\"more-link\"><span class=\"screen-reader-text\">\u201e\u00dcber mich\u201c<\/span> weiterlesen<\/a><\/p>\n","protected":false},"author":1,"featured_media":0,"parent":0,"menu_order":0,"comment_status":"closed","ping_status":"closed","template":"","meta":{"footnotes":""},"class_list":["post-707","page","type-page","status-publish","hentry"],"_links":{"self":[{"href":"https:\/\/ichberatesie.com\/index.php?rest_route=\/wp\/v2\/pages\/707"}],"collection":[{"href":"https:\/\/ichberatesie.com\/index.php?rest_route=\/wp\/v2\/pages"}],"about":[{"href":"https:\/\/ichberatesie.com\/index.php?rest_route=\/wp\/v2\/types\/page"}],"author":[{"embeddable":true,"href":"https:\/\/ichberatesie.com\/index.php?rest_route=\/wp\/v2\/users\/1"}],"replies":[{"embeddable":true,"href":"https:\/\/ichberatesie.com\/index.php?rest_route=%2Fwp%2Fv2%2Fcomments&post=707"}],"version-history":[{"count":19,"href":"https:\/\/ichberatesie.com\/index.php?rest_route=\/wp\/v2\/pages\/707\/revisions"}],"predecessor-version":[{"id":967,"href":"https:\/\/ichberatesie.com\/index.php?rest_route=\/wp\/v2\/pages\/707\/revisions\/967"}],"wp:attachment":[{"href":"https:\/\/ichberatesie.com\/index.php?rest_route=%2Fwp%2Fv2%2Fmedia&parent=707"}],"curies":[{"name":"wp","href":"https:\/\/api.w.org\/{rel}","templated":true}]}}